{"id":10056,"date":"2026-03-23T10:18:06","date_gmt":"2026-03-22T23:18:06","guid":{"rendered":"https:\/\/iicsydney.esteri.it\/?page_id=10056"},"modified":"2026-03-23T10:27:45","modified_gmt":"2026-03-22T23:27:45","slug":"materiale","status":"publish","type":"page","link":"https:\/\/iicsydney.esteri.it\/it\/lingua-e-cultura\/certificazioni\/materiale\/","title":{"rendered":"Info e Registrazioni"},"content":{"rendered":"<p><strong>NOVITA\u2019. Prossime date per gli esami di Certificazione dell\u2019Italiano come lingua straniera CILS<\/strong><\/p>\n<p><strong>Vuoi certificare la tua conoscenza dell\u2019Italiano? <\/strong><\/p>\n<p><strong>L\u2019Istituto Italiano di Cultura di Sydney ospiter\u00e0 gli esami di certificazione dei livelli B1 e B2 il giorno 16 giugno 2026<\/strong><\/p>\n<p><strong>APERTURA ISCRIZIONI DAL 7 APRILE AL 6 MAGGIO 2026<\/strong><\/p>\n<p><strong>La data di termine delle iscrizioni \u00e8 fissata dall\u2019Universit\u00e0 per stranieri di Siena, e perci\u00f2 \u00e8 improrogabile.<\/strong><\/p>\n<p><strong>Modalit\u00e0 di iscrizione<\/strong><\/p>\n<p><strong><span style=\"color: #ff0000;\">Per iscriversi \u00e8 necessario inviare ai responsabili dei corsi di lingua dell\u2019Istituto (via email a: studenti.iicsydney@esteri.it \u2013 o per posta a: Istituto Italiano di Cultura \u2013 Sydney, 4\/125 York street, NSW 2000)<\/span><\/strong><\/p>\n<p>i seguenti moduli:<\/p>\n<p>1) il modulo CILS compilato a lettere maiuscole: nome, luogo e data di nascita devono essere gli stessi indicati sul documento di identit\u00e0 (per chi ha gi\u00e0 partecipato ad un esame CILS, segnare sul modulo il numero di matricola).<\/p>\n<p>2) la fotocopia leggibile di un documento di identit\u00e0 (passaporto, carta d\u2019identit\u00e0).<\/p>\n<p>Modulo di iscrizione scaricabile <a href=\"https:\/\/iicsydney.esteri.it\/wp-content\/uploads\/2026\/03\/proposta-di-adesione-CILS-ADULTI-giugno2026.doc\"><strong><em><u>QUI\u00a0<\/u><\/em><\/strong><\/a><\/p>\n<p><strong>Costi<\/strong><\/p>\n<p>Dopo aver spedito i moduli di iscrizione e il documento d\u2019identit\u00e0, riceverai via email le indicazioni su come effettuare il pagamento della tassa di esame. Nessun pagamento deve essere fatto prima di ricevere la nostra mail di conferma<\/p>\n<table>\n<tbody>\n<tr>\n<td width=\"94\"><strong>Livello<\/strong><\/p>\n<p>&nbsp;<\/td>\n<td width=\"94\"><strong>Tariffa<\/strong><\/td>\n<\/tr>\n<tr>\n<td width=\"94\">CILS B1<\/td>\n<td width=\"94\">AUD 140<\/td>\n<\/tr>\n<tr>\n<td width=\"94\">CILS B2<\/td>\n<td width=\"94\">AUD 160<\/td>\n<\/tr>\n<\/tbody>\n<\/table>\n<p>&nbsp;<\/p>\n<p>Insieme alla mail di conferma, riceverai anche la conferma di svolgimento delle prove di esame che si terranno SOLO se verr\u00e0 raggiunto un numero minimo di 6 candidati per livello.<\/p>\n<p>Le prove si terranno presso la sede dell\u2019Istituto Italiano di Cultura di Sydney (4\/125 York Street, Sydney CBD) in un\u2019unica giornata.<\/p>\n<p><strong>Risultati dell\u2019esame<\/strong><\/p>\n<p>Dopo un periodo dai 2 ai 4 mesi dal giorno dell\u2019esame verranno pubblicati gli esiti.<\/p>\n<p>\u00c8 possibile consultare i risultati dell\u2019esame direttamente sul sito dell\u2019Universit\u00e0 di Siena al seguente <a href=\"https:\/\/online.unistrasi.it\/riscils.asp\">link<\/a> inserendo il proprio numero di matricola e la propria data di nascita nell\u2019apposito spazio. Invitiamo fin da ora gli iscritti a conservare preziosamente il numero di matricola che sar\u00e0 comunicato il giorno dell\u2019esame.<\/p>\n<p><strong>Non superamento di una parte dell\u2019esame<\/strong><\/p>\n<p>Nel caso in cui una parte dell\u2019esame CILS non venisse superata, i candidati avranno la possibilit\u00e0 di tentare nuovamente alla successiva sessione ed entro 18 mesi dalla data del primo esame. I costi sono consultabili nella tabella a seguire.<\/p>\n<table>\n<tbody>\n<tr>\n<td width=\"321\">Livello<\/p>\n<p>&nbsp;<\/td>\n<td width=\"321\">Quota per ogni abilit\u00e0 CILS da ripetere<\/p>\n<p>&nbsp;<\/td>\n<\/tr>\n<tr>\n<td width=\"321\"><strong>B1<\/strong><\/td>\n<td width=\"321\">AUD 40<\/td>\n<\/tr>\n<tr>\n<td width=\"321\"><strong>B2<\/strong><\/td>\n<td width=\"321\">AUD 42<\/td>\n<\/tr>\n<\/tbody>\n<\/table>\n<p>&nbsp;<\/p>\n<p><strong>Quale \u00e8 il mio livello?<\/strong><\/p>\n<p>Per coloro che non conoscono il proprio livello, suggeriamo di consultare degli <a href=\"https:\/\/cils.unistrasi.it\/1\/89\/188\/Esempi-prove-di-esami.htm\">esempi di prove d\u2019esame CILS<\/a>.<\/p>\n<p><strong>Esempi di prove di esami<\/strong><\/p>\n<p>Esempi di prove di esami sono consultabili sul sito dell\u2019Universit\u00e0 per stranieri di Siena. <a href=\"https:\/\/cils.unistrasi.it\/1\/89\/188\/Esempi-prove-di-esami.htm\">Esempi di prove d\u2019esame CILS<\/a>.<\/p>\n<p><strong>Accessibilit\u00e0<\/strong><\/p>\n<p><strong><u>IMPORTANTE<\/u><\/strong>: Nel caso di candidati con esigenze specifiche (es: disabilit\u00e0 fisiche o cognitive) siete pregati di comunicarcelo al momento dell\u2019iscrizione allegando la documentazione medico-sanitaria. Il nostro Istituto provveder\u00e0 a contattare il Centro CILS che, dopo aver analizzato la documentazione, ci comunicher\u00e0 le eventuali procedure per lo svolgimento dell\u2019esame.<\/p>\n","protected":false},"excerpt":{"rendered":"NOVITA\u2019. Prossime date per gli esami di Certificazione dell\u2019Italiano come lingua straniera CILS Vuoi certificare la tua conoscenza dell\u2019Italiano? L\u2019Istituto Italiano di Cultura di Sydney ospiter\u00e0 gli esami di certificazione dei livelli B1 e B2 il giorno 16 giugno 2026 APERTURA ISCRIZIONI DAL 7 APRILE AL 6 MAGGIO 2026 La data di termine delle iscrizioni [&hellip;]","protected":false},"author":6,"featured_media":0,"parent":69,"menu_order":0,"comment_status":"closed","ping_status":"closed","template":"","meta":{"footnotes":""},"class_list":["post-10056","page","type-page","status-publish","hentry"],"_links":{"self":[{"href":"https:\/\/iicsydney.esteri.it\/it\/wp-json\/wp\/v2\/pages\/10056","targetHints":{"allow":["GET"]}}],"collection":[{"href":"https:\/\/iicsydney.esteri.it\/it\/wp-json\/wp\/v2\/pages"}],"about":[{"href":"https:\/\/iicsydney.esteri.it\/it\/wp-json\/wp\/v2\/types\/page"}],"author":[{"embeddable":true,"href":"https:\/\/iicsydney.esteri.it\/it\/wp-json\/wp\/v2\/users\/6"}],"replies":[{"embeddable":true,"href":"https:\/\/iicsydney.esteri.it\/it\/wp-json\/wp\/v2\/comments?post=10056"}],"version-history":[{"count":5,"href":"https:\/\/iicsydney.esteri.it\/it\/wp-json\/wp\/v2\/pages\/10056\/revisions"}],"predecessor-version":[{"id":10075,"href":"https:\/\/iicsydney.esteri.it\/it\/wp-json\/wp\/v2\/pages\/10056\/revisions\/10075"}],"up":[{"embeddable":true,"href":"https:\/\/iicsydney.esteri.it\/it\/wp-json\/wp\/v2\/pages\/69"}],"wp:attachment":[{"href":"https:\/\/iicsydney.esteri.it\/it\/wp-json\/wp\/v2\/media?parent=10056"}],"curies":[{"name":"wp","href":"https:\/\/api.w.org\/{rel}","templated":true}]}}