{"id":15,"date":"2023-01-17T12:43:01","date_gmt":"2023-01-17T11:43:01","guid":{"rendered":"https:\/\/iicsydney.esteri.it\/?page_id=15"},"modified":"2025-10-08T09:31:28","modified_gmt":"2025-10-07T22:31:28","slug":"lingua-e-cultura","status":"publish","type":"page","link":"https:\/\/iicsydney.esteri.it\/it\/lingua-e-cultura\/","title":{"rendered":"Lingua e Cultura"},"content":{"rendered":"<p style=\"text-align: center;\"><img loading=\"lazy\" decoding=\"async\" class=\"alignnone wp-image-348 img-fluid\" src=\"https:\/\/iicsydney.esteri.it\/wp-content\/uploads\/2023\/04\/Lingua-e-cultura-300x188.jpg\" alt=\"\" width=\"371\" height=\"232\" srcset=\"https:\/\/iicsydney.esteri.it\/wp-content\/uploads\/2023\/04\/Lingua-e-cultura-300x188.jpg 300w, https:\/\/iicsydney.esteri.it\/wp-content\/uploads\/2023\/04\/Lingua-e-cultura-768x482.jpg 768w, https:\/\/iicsydney.esteri.it\/wp-content\/uploads\/2023\/04\/Lingua-e-cultura.jpg 916w\" sizes=\"auto, (max-width: 371px) 100vw, 371px\" \/><\/p>\n<p>Ogni anno oltre due milioni di studenti frequentano corsi di lingua italiana fuori dall\u2019Italia, in tutti i paesi del mondo.<\/p>\n<p><strong>Perch\u00e9?<\/strong><\/p>\n<p>L\u2019Italiano\u00a0\u00e8 una lingua di cultura. Conoscerlo significa avere accesso a un patrimonio letterario di fondamentale importanza per la storia d\u2019Europa, a testi umanistici e scientifici di valore, alla produzione teatrale, musicale, operistica, cinematografica e televisiva italiana.<\/p>\n<p>L\u2019Italiano\u00a0\u00e8 una lingua di studio. Sono molti gli studenti che ogni anno decidono di frequentare le nostre Scuole, le nostre Universit\u00e0, le nostre Accademie, le nostre biblioteche.<\/p>\n<p>L\u2019Italiano\u00a0\u00e8 una lingua di lavoro. Manager, investitori, tecnici, maestranze, lavoratori entrano in contatto con il mondo industriale, artigianale e dei servizi italiano che varca le frontiere del nostro paese.<\/p>\n<p>Parlando italiano la visita del nostro Paese e l\u2019\u00edncontro con la sua gente ospitale sar\u00e0 ancora pi\u00f9 piacevole e consentir\u00e0 di comprendere appieno un\u00a0modus vivendi\u00a0amato da tutti.<\/p>\n<p data-start=\"0\" data-end=\"26\">TEST DI VALUTAZIONE: <a href=\"https:\/\/iicsydney.esteri.it\/wp-content\/uploads\/2025\/10\/IIC_EVALUATION-TEST_2020.pdf\"><strong>QUI<\/strong><\/a><\/p>\n<p data-start=\"28\" data-end=\"355\">Ad eccezione del corso A1.1, se hai gi\u00e0 studiato italiano altrove e desideri iscriverti a un livello superiore, sar\u00e0 necessario completare un test di valutazione per determinare il livello pi\u00f9 appropriato per te. Questo aiuter\u00e0 l\u2019Istituto a consigliarti il corso pi\u00f9 adatto al tuo livello di conoscenza della lingua italiana.<\/p>\n<p data-start=\"357\" data-end=\"631\">Puoi anche consultare una guida di autovalutazione sul sito del <a href=\"https:\/\/www.coe.int\/en\/web\/portfolio\"><em data-start=\"421\" data-end=\"440\">Council of Europe<\/em><\/a>. Questa guida ti aiuter\u00e0 a valutare il tuo livello di competenza linguistica in base ai sei livelli di riferimento definiti nel <em data-start=\"569\" data-end=\"621\">Quadro Comune Europeo di Riferimento per le Lingue<\/em> (QCER).<\/p>\n<p data-start=\"633\" data-end=\"742\" data-is-last-node=\"\" data-is-only-node=\"\">Scaricala e inviala all\u2019indirizzo:<a href=\"mailto:studenti.iicsydney@esteri.it\"> studenti.iicsydney@esteri.it<\/a> dopo aver completato il modulo di iscrizione.<\/p>\n","protected":false},"excerpt":{"rendered":"Ogni anno oltre due milioni di studenti frequentano corsi di lingua italiana fuori dall\u2019Italia, in tutti i paesi del mondo. Perch\u00e9? L\u2019Italiano\u00a0\u00e8 una lingua di cultura. Conoscerlo significa avere accesso a un patrimonio letterario di fondamentale importanza per la storia d\u2019Europa, a testi umanistici e scientifici di valore, alla produzione teatrale, musicale, operistica, cinematografica e [&hellip;]","protected":false},"author":1,"featured_media":0,"parent":0,"menu_order":0,"comment_status":"closed","ping_status":"closed","template":"","meta":{"footnotes":""},"class_list":["post-15","page","type-page","status-publish","hentry"],"_links":{"self":[{"href":"https:\/\/iicsydney.esteri.it\/it\/wp-json\/wp\/v2\/pages\/15","targetHints":{"allow":["GET"]}}],"collection":[{"href":"https:\/\/iicsydney.esteri.it\/it\/wp-json\/wp\/v2\/pages"}],"about":[{"href":"https:\/\/iicsydney.esteri.it\/it\/wp-json\/wp\/v2\/types\/page"}],"author":[{"embeddable":true,"href":"https:\/\/iicsydney.esteri.it\/it\/wp-json\/wp\/v2\/users\/1"}],"replies":[{"embeddable":true,"href":"https:\/\/iicsydney.esteri.it\/it\/wp-json\/wp\/v2\/comments?post=15"}],"version-history":[{"count":3,"href":"https:\/\/iicsydney.esteri.it\/it\/wp-json\/wp\/v2\/pages\/15\/revisions"}],"predecessor-version":[{"id":10055,"href":"https:\/\/iicsydney.esteri.it\/it\/wp-json\/wp\/v2\/pages\/15\/revisions\/10055"}],"wp:attachment":[{"href":"https:\/\/iicsydney.esteri.it\/it\/wp-json\/wp\/v2\/media?parent=15"}],"curies":[{"name":"wp","href":"https:\/\/api.w.org\/{rel}","templated":true}]}}