{"id":210,"date":"2023-04-18T03:24:23","date_gmt":"2023-04-18T01:24:23","guid":{"rendered":"https:\/\/iicsydney.esteri.it\/?page_id=210"},"modified":"2025-06-17T11:26:17","modified_gmt":"2025-06-17T01:26:17","slug":"calendario-corsi","status":"publish","type":"page","link":"https:\/\/iicsydney.esteri.it\/it\/lingua-e-cultura\/i-corsi-di-lingua\/calendario-corsi\/","title":{"rendered":"Calendario corsi"},"content":{"rendered":"<p><a href=\"https:\/\/iicsydney.esteri.it\/wp-content\/uploads\/2024\/10\/ENROLMENT_FORM_corsi.pdf\"><img loading=\"lazy\" decoding=\"async\" class=\"alignleft wp-image-4658 img-fluid\" src=\"https:\/\/iicsydney.esteri.it\/wp-content\/uploads\/2024\/07\/Modulo-discrizione-300x135.png\" alt=\"\" width=\"249\" height=\"112\" srcset=\"https:\/\/iicsydney.esteri.it\/wp-content\/uploads\/2024\/07\/Modulo-discrizione-300x135.png 300w, https:\/\/iicsydney.esteri.it\/wp-content\/uploads\/2024\/07\/Modulo-discrizione-1024x460.png 1024w, https:\/\/iicsydney.esteri.it\/wp-content\/uploads\/2024\/07\/Modulo-discrizione-768x345.png 768w, https:\/\/iicsydney.esteri.it\/wp-content\/uploads\/2024\/07\/Modulo-discrizione.png 1920w\" sizes=\"auto, (max-width: 249px) 100vw, 249px\" \/><\/a><a href=\"https:\/\/iicsydney.esteri.it\/wp-content\/uploads\/2025\/03\/T2-TABELLA-CORSI-2025-1.pdf\"><img loading=\"lazy\" decoding=\"async\" class=\"img-fluid alignleft wp-image-3645 \" src=\"https:\/\/iicsydney.esteri.it\/wp-content\/uploads\/2024\/03\/Calendario-di-Sessione-II-300x135.png\" alt=\"\" width=\"247\" height=\"111\" srcset=\"https:\/\/iicsydney.esteri.it\/wp-content\/uploads\/2024\/03\/Calendario-di-Sessione-II-300x135.png 300w, https:\/\/iicsydney.esteri.it\/wp-content\/uploads\/2024\/03\/Calendario-di-Sessione-II-1024x460.png 1024w, https:\/\/iicsydney.esteri.it\/wp-content\/uploads\/2024\/03\/Calendario-di-Sessione-II-768x345.png 768w, https:\/\/iicsydney.esteri.it\/wp-content\/uploads\/2024\/03\/Calendario-di-Sessione-II.png 1920w\" sizes=\"auto, (max-width: 247px) 100vw, 247px\" \/><\/a><a href=\"https:\/\/iicsydney.esteri.it\/wp-content\/uploads\/2025\/06\/IIC-EVALUATION-TEST.pdf\"><img loading=\"lazy\" decoding=\"async\" class=\"wp-image-661 img-fluid alignnone\" src=\"https:\/\/iicsydney.esteri.it\/wp-content\/uploads\/2023\/05\/Test-di-valutazione-300x135.png\" alt=\"\" width=\"257\" height=\"116\" srcset=\"https:\/\/iicsydney.esteri.it\/wp-content\/uploads\/2023\/05\/Test-di-valutazione-300x135.png 300w, https:\/\/iicsydney.esteri.it\/wp-content\/uploads\/2023\/05\/Test-di-valutazione-1024x461.png 1024w, https:\/\/iicsydney.esteri.it\/wp-content\/uploads\/2023\/05\/Test-di-valutazione-768x346.png 768w, https:\/\/iicsydney.esteri.it\/wp-content\/uploads\/2023\/05\/Test-di-valutazione.png 1138w\" sizes=\"auto, (max-width: 257px) 100vw, 257px\" \/><\/a><\/p>\n<h3 style=\"text-align: left;\"><strong>VISITA IL NUOVO SITO WEB dedicato ai corsi di italiano per registrazione e pagamento<\/strong>: <a href=\"https:\/\/www.iicsydney-divers.org\/\">SITO CORSI\u00a0<\/a><\/h3>\n<h3 style=\"text-align: center;\"><span style=\"color: #ff0000;\"><strong>2025 COURSES<\/strong><\/span><\/h3>\n<table style=\"height: 182px;\" width=\"516\">\n<tbody>\n<tr>\n<td width=\"132\"><strong>\u00a0<\/strong><span style=\"color: #993300;\"><strong>Sessione I<\/strong><strong>\u00a0<\/strong><\/span><\/td>\n<td width=\"469\">28 gennaio &#8211; 7 aprile<\/td>\n<\/tr>\n<tr>\n<td width=\"132\"><strong>\u00a0<\/strong><span style=\"color: #993300;\"><strong>Sessione 2<\/strong><strong>\u00a0<\/strong><\/span><\/td>\n<td width=\"469\">28 aprile &#8211; 5 luglio<\/td>\n<\/tr>\n<tr>\n<td width=\"132\"><span style=\"color: #993300;\"><strong>\u00a0<\/strong><strong>Sessione 3<\/strong><strong>\u00a0<\/strong><\/span><\/td>\n<td width=\"469\">21 luglio &#8211; 27 settembre<\/td>\n<\/tr>\n<tr>\n<td width=\"132\"><span style=\"color: #993300;\"><strong>\u00a0<\/strong><strong>Sessione 4<\/strong><strong>\u00a0<\/strong><\/span><\/td>\n<td width=\"469\">13 ottobre &#8211; 20 dicembre<\/td>\n<\/tr>\n<tr>\n<td width=\"132\"><span style=\"color: #993300;\"><strong>\u00a0<\/strong><strong>Livelli<\/strong><strong>\u00a0<\/strong><\/span><\/td>\n<td width=\"469\"><strong>Tutti i livelli, a patto che venga raggiunto un numero sufficiente di iscritti<br \/>\n<\/strong><\/td>\n<\/tr>\n<tr>\n<td width=\"132\"><strong>\u00a0<\/strong><span style=\"color: #993300;\"><strong>Libri di testo<\/strong><strong>\u00a0<\/strong><\/span><\/td>\n<td width=\"469\"><em><strong>Nuovo Espresso 1, 2,\u00a03, 4, 5 <\/strong><\/em><em>e<strong> 6<\/strong><\/em><\/td>\n<\/tr>\n<\/tbody>\n<\/table>\n<p>&nbsp;<\/p>\n<p style=\"text-align: center;\"><em><span style=\"color: #993300;\"><strong>INFORMAZIONE IMPORTANTE!<\/strong><\/span><\/em><\/p>\n<p style=\"text-align: center;\"><strong>Alcuni corsi verranno offerti IN PRESENZA ed altri ONLINE tramite la piattaforma Zoom<\/strong><\/p>\n<p style=\"text-align: center;\">Per tutti i dettagli consultare il <strong>Calendario<\/strong><\/p>\n<p style=\"text-align: center;\"><span style=\"color: #993300;\"><strong>QUOTE D&#8217;ISCRIZIONE<\/strong><\/span><\/p>\n<p style=\"text-align: center;\"><a href=\"https:\/\/iicsydney.esteri.it\/wp-content\/uploads\/2025\/03\/T2-TABELLA-CORSI-2025-1.pdf\"><strong>Corsi standard<\/strong><\/a><\/p>\n<p><strong>NUOVI STUDENTI:<\/strong><\/p>\n<ul>\n<li>Prezzo intero:\u00a0<strong>$450<\/strong><\/li>\n<li><strong><em>Early Bird<\/em><\/strong> (fino al 14.04.2025): <strong>$382<\/strong> (sconto del 15%)<\/li>\n<\/ul>\n<p><strong>STUDENTI e SOCI IIC, STUDENTI FULL-TIME e SENIORS:<\/strong><\/p>\n<ul>\n<li>Prezzo scontato:\u00a0<strong>$405<\/strong>\u00a0(sconto del 10%)<\/li>\n<li><strong><em>Early Bird<\/em> <\/strong>(fino al 14.04.2025): <strong>$382<\/strong>\u00a0(sconto del 15%)<\/li>\n<\/ul>\n<p style=\"text-align: center;\"><a href=\"https:\/\/iicsydney.esteri.it\/it\/lingua-e-cultura\/i-corsi-di-lingua\/corsi-speciali-2\/\"><strong>Corsi di conversazione e letteratura<\/strong><\/a><\/p>\n<p><strong>NUOVI STUDENTI:<\/strong><\/p>\n<ul>\n<li>Prezzo intero:\u00a0<strong>$370<\/strong><\/li>\n<li><strong><em>Early Bird<\/em> <\/strong>(fino al 14.04.2025): <strong>$315<\/strong>\u00a0(sconto del 15%)<\/li>\n<\/ul>\n<p><strong>STUDENTI e SOCI IIC, STUDENTI FULL-TIME e SENIORS:<\/strong><\/p>\n<ul>\n<li>Prezzo scontato:\u00a0<strong>$333 <\/strong>(sconto del 10%)<\/li>\n<li><strong><em>Early Bird<\/em><\/strong> (fino al 14.04.2025):<strong> $315<\/strong>\u00a0(sconto del 15%)<\/li>\n<\/ul>\n<p><span style=\"text-decoration: underline;\"><em><strong>N.B.: Non verranno concessi sconti sulle quote d\u2019iscrizione agli studenti che non possono frequentare tutte le lezioni di ciascun corso e consentita l&#8217;opzione di frequentare solo cinque lezioni (met\u00e0 corso) a met\u00e0 del prezzo pieno.<\/strong><\/em><\/span><\/p>\n<p><span style=\"text-decoration: underline;\"><em><strong>Nessun altro sconto si applica a questa opzione.<\/strong><\/em><\/span><\/p>\n<p style=\"text-align: center;\"><span style=\"color: #993300;\"><strong>CONDIZIONI<\/strong><\/span><\/p>\n<p><strong>Iscrizioni<\/strong><\/p>\n<p>I corsi inizieranno solo se sar\u00e0 raggiunto un numero minimo di iscrizioni (6 studenti per corso &#8211; numero massimo: 16 studenti). In circostanze eccezionali possono essere attivati corsi anche con un numero inferiore di studenti, nel qual caso il numero di ore del corso verr\u00e0 ridotto (ovvero 5 studenti: 18 ore, 4 studenti: 16 ore).<\/p>\n<p><strong>Rimborsi<\/strong><\/p>\n<p>Le quote d&#8217;iscrizione verranno rimborsate al 100% se il corso viene cancellato a causa di un numero insufficiente di iscrizioni. Una volta che il corso \u00e8 iniziato le tasse non possono essere rimborsate o trasferite ad un altro corso. L&#8217;Istituto non pu\u00f2 essere ritenuto responsbile di eventuali cambiamenti nelle circostanze personali dello studente.<\/p>\n<p><strong>Test d\u2019ingresso<\/strong><\/p>\n<p>Gli studenti che hanno gi\u00e0 studiato l\u2019italiano e che desiderano iscriversi ad un livello superiore dovranno sottoporsi ad un breve test d\u2019ingresso per determinare quale corso sia pi\u00f9 adatto al loro livello. Il test verr\u00e0 inviato ai potenziali studenti dietro richiesta, ma \u00e8 anche possibile scaricarlo\u00a0<a href=\"https:\/\/iicsydney.esteri.it\/wp-content\/uploads\/2023\/02\/IIC_EVALUATION-TEST_2020.pdf\">QUI<\/a>.<\/p>\n<p><strong>Tessera associativa<\/strong><\/p>\n<p>Gli studenti iscritti ai corsi di Italiano organizzati dall\u2019Istituto ottengono una\u00a0tessera dello studente\u00a0per la durata del corso. Tale tessera consente loro di\u00a0prendere in prestito GRATUITAMENTE libri e DVD\u00a0dalla nostra biblioteca.\u00a0Se lo studente desidera ottenere una tessera annuale che gli\/le permetter\u00e0 anche di accedere a tutti gli altri\u00a0<a href=\"https:\/\/iicsydney.esteri.it\/it\/chi-siamo\/la-sede\/diventare-soci\/\">vantaggi dei soci dell\u2019Istituto<\/a>, avr\u00e0 diritto ad uno sconto del 50% sulla normale quota associativa.<\/p>\n<p><strong>Borse di studio<\/strong><\/p>\n<p>L\u2019Istituto Italiano di Cultura offre ai suoi studenti delle borse di studio per frequentare corsi di lingua italiana in Italia. Per saperne di pi\u00f9 cliccate\u00a0<a href=\"https:\/\/iicsydney.esteri.it\/it\/lingua-e-cultura\/borse-di-studio\/\">QUI<\/a>.<\/p>\n<p><strong>Ripianificazione delle lezioni<\/strong><\/p>\n<p>In circostanze eccezionali &#8211; di solito legate ad eventi culturali presso l&#8217;Istituto &#8211;\u00a0l&#8217;Istituto si riserva il diritto di modificare il giorno e l&#8217;orario di alcune lezioni sulla base delle esigenze degli studenti e degli insegnanti.<\/p>\n<p><strong>Lezioni private:\u00a0<\/strong><\/p>\n<p>Tutte le informazioni possono essere reperite sulla seguente pagina del nostro sito:<\/p>\n<p><a href=\"https:\/\/iicsydney.esteri.it\/it\/lingua-e-cultura\/i-corsi-di-lingua\/lezioni-private\/\">https:\/\/iicsydney.esteri.it\/it\/lingua-e-cultura\/i-corsi-di-lingua\/lezioni-private\/<\/a><\/p>\n<p>Per qualsiasi altra informazione contattare l&#8217;<strong>Ufficio S<\/strong>t<strong>udenti<\/strong>:<\/p>\n<p>Tel.: 02 9261 1780<br \/>\nE-mail:\u00a0<a href=\"mailto:studenti.iicsydney@esteri.it\">studenti.iicsydney@esteri.it<\/a><\/p>\n<p>&nbsp;<\/p>\n<p>&nbsp;<\/p>\n","protected":false},"excerpt":{"rendered":"VISITA IL NUOVO SITO WEB dedicato ai corsi di italiano per registrazione e pagamento: SITO CORSI\u00a0 2025 COURSES \u00a0Sessione I\u00a0 28 gennaio &#8211; 7 aprile \u00a0Sessione 2\u00a0 28 aprile &#8211; 5 luglio \u00a0Sessione 3\u00a0 21 luglio &#8211; 27 settembre \u00a0Sessione 4\u00a0 13 ottobre &#8211; 20 dicembre \u00a0Livelli\u00a0 Tutti i livelli, a patto che venga raggiunto [&hellip;]","protected":false},"author":4,"featured_media":0,"parent":67,"menu_order":1,"comment_status":"closed","ping_status":"closed","template":"","meta":{"footnotes":""},"class_list":["post-210","page","type-page","status-publish","hentry"],"_links":{"self":[{"href":"https:\/\/iicsydney.esteri.it\/it\/wp-json\/wp\/v2\/pages\/210","targetHints":{"allow":["GET"]}}],"collection":[{"href":"https:\/\/iicsydney.esteri.it\/it\/wp-json\/wp\/v2\/pages"}],"about":[{"href":"https:\/\/iicsydney.esteri.it\/it\/wp-json\/wp\/v2\/types\/page"}],"author":[{"embeddable":true,"href":"https:\/\/iicsydney.esteri.it\/it\/wp-json\/wp\/v2\/users\/4"}],"replies":[{"embeddable":true,"href":"https:\/\/iicsydney.esteri.it\/it\/wp-json\/wp\/v2\/comments?post=210"}],"version-history":[{"count":8,"href":"https:\/\/iicsydney.esteri.it\/it\/wp-json\/wp\/v2\/pages\/210\/revisions"}],"predecessor-version":[{"id":6471,"href":"https:\/\/iicsydney.esteri.it\/it\/wp-json\/wp\/v2\/pages\/210\/revisions\/6471"}],"up":[{"embeddable":true,"href":"https:\/\/iicsydney.esteri.it\/it\/wp-json\/wp\/v2\/pages\/67"}],"wp:attachment":[{"href":"https:\/\/iicsydney.esteri.it\/it\/wp-json\/wp\/v2\/media?parent=210"}],"curies":[{"name":"wp","href":"https:\/\/api.w.org\/{rel}","templated":true}]}}