{"id":498,"date":"2023-05-01T06:10:41","date_gmt":"2023-05-01T04:10:41","guid":{"rendered":"https:\/\/iicsydney.esteri.it\/?page_id=498"},"modified":"2023-05-01T06:22:40","modified_gmt":"2023-05-01T04:22:40","slug":"tirocini","status":"publish","type":"page","link":"https:\/\/iicsydney.esteri.it\/it\/news\/dall_istituto\/opportunita\/tirocini\/","title":{"rendered":"Tirocini"},"content":{"rendered":"<p style=\"box-sizing: border-box; overflow-wrap: break-word; margin: 0px 0px 8.5px; line-height: 1.5em; color: #484848; font-family: 'Titillium Web', Arial, sans-serif; font-size: 16px; font-style: normal; font-variant-ligatures: normal; font-variant-caps: normal; font-weight: 400; letter-spacing: normal; orphans: 2; text-align: left; text-indent: 0px; text-transform: none; white-space: normal; widows: 2; word-spacing: 0px; -webkit-text-stroke-width: 0px; background-color: #ffffff; text-decoration-thickness: initial; text-decoration-style: initial; text-decoration-color: initial;\"><span class=\"titoloNotizia\" style=\"box-sizing: border-box; overflow-wrap: break-word;\"><span class=\"titoloRosso\" style=\"box-sizing: border-box; overflow-wrap: break-word;\"><span class=\"titoloNotizia\" style=\"box-sizing: border-box; overflow-wrap: break-word;\"><strong style=\"box-sizing: border-box; overflow-wrap: break-word; font-weight: bold;\">Tirocini MAE\/CRUI<br style=\"box-sizing: border-box; overflow-wrap: break-word;\" \/><\/strong><br style=\"box-sizing: border-box; overflow-wrap: break-word;\" \/><\/span><\/span><\/span><span class=\"titoloNotizia\" style=\"box-sizing: border-box; overflow-wrap: break-word;\">A chi sono rivolti<\/span><br style=\"box-sizing: border-box; overflow-wrap: break-word;\" \/>Ai giovani italiani particolarmente meritevoli in possesso del titolo di laurea breve o laurea specialistica o laurea del vecchio ordinamento (conseguita da non pi\u00f9 di 18 mesi) oppure i laureandi delle Universit\u00e0 italiane.<br style=\"box-sizing: border-box; overflow-wrap: break-word;\" \/><br style=\"box-sizing: border-box; overflow-wrap: break-word;\" \/><span class=\"titoloNotizia\" style=\"box-sizing: border-box; overflow-wrap: break-word;\"><strong style=\"box-sizing: border-box; overflow-wrap: break-word; font-weight: bold;\">Dove e quando si svolgono<\/strong><br style=\"box-sizing: border-box; overflow-wrap: break-word;\" \/><\/span>Viene offerta la possibilit\u00e0 di effettuare un periodo di tirocinio di tre mesi presso gli uffici\u00a0del Ministero degli Affari Esteri a Roma o presso le sedi del Ministero all&#8217;estero:<\/p>\n<ul>\n<li style=\"box-sizing: border-box; overflow-wrap: break-word; line-height: 1.5em; color: #484848; font-family: 'Titillium Web', Arial, sans-serif; font-size: 16px; font-style: normal; font-variant-ligatures: normal; font-variant-caps: normal; font-weight: 400; letter-spacing: normal; text-align: left; text-indent: 0px; text-transform: none; white-space: normal; word-spacing: 0px; -webkit-text-stroke-width: 0px; background-color: #ffffff; text-decoration-thickness: initial; text-decoration-style: initial; text-decoration-color: initial;\">Istituti Italiani di Cultura<\/li>\n<li style=\"box-sizing: border-box; overflow-wrap: break-word; line-height: 1.5em; color: #484848; font-family: 'Titillium Web', Arial, sans-serif; font-size: 16px; font-style: normal; font-variant-ligatures: normal; font-variant-caps: normal; font-weight: 400; letter-spacing: normal; text-align: left; text-indent: 0px; text-transform: none; white-space: normal; word-spacing: 0px; -webkit-text-stroke-width: 0px; background-color: #ffffff; text-decoration-thickness: initial; text-decoration-style: initial; text-decoration-color: initial;\">Ambasciate e Consolati italiani<\/li>\n<li style=\"box-sizing: border-box; overflow-wrap: break-word; line-height: 1.5em; color: #484848; font-family: 'Titillium Web', Arial, sans-serif; font-size: 16px; font-style: normal; font-variant-ligatures: normal; font-variant-caps: normal; font-weight: 400; letter-spacing: normal; text-align: left; text-indent: 0px; text-transform: none; white-space: normal; word-spacing: 0px; -webkit-text-stroke-width: 0px; background-color: #ffffff; text-decoration-thickness: initial; text-decoration-style: initial; text-decoration-color: initial;\">Rappresentanti Permanenti presso le Organizzazioni Internazionali<\/li>\n<\/ul>\n<p style=\"box-sizing: border-box; overflow-wrap: break-word; margin: 0px 0px 8.5px; line-height: 1.5em; color: #484848; font-family: 'Titillium Web', Arial, sans-serif; font-size: 16px; font-style: normal; font-variant-ligatures: normal; font-variant-caps: normal; font-weight: 400; letter-spacing: normal; orphans: 2; text-align: left; text-indent: 0px; text-transform: none; white-space: normal; widows: 2; word-spacing: 0px; -webkit-text-stroke-width: 0px; background-color: #ffffff; text-decoration-thickness: initial; text-decoration-style: initial; text-decoration-color: initial;\">La lista completa delle organizzazioni pu\u00f2 essere visualizzata <a href=\"https:\/\/www.esteri.it\/it\/ministero\/struttura\/laretediplomatica\/\"><strong>QUI<\/strong><\/a><\/p>\n<p style=\"box-sizing: border-box; overflow-wrap: break-word; margin: 0px 0px 8.5px; line-height: 1.5em; color: #484848; font-family: 'Titillium Web', Arial, sans-serif; font-size: 16px; font-style: normal; font-variant-ligatures: normal; font-variant-caps: normal; font-weight: 400; letter-spacing: normal; orphans: 2; text-align: left; text-indent: 0px; text-transform: none; white-space: normal; widows: 2; word-spacing: 0px; -webkit-text-stroke-width: 0px; background-color: #ffffff; text-decoration-thickness: initial; text-decoration-style: initial; text-decoration-color: initial;\"><br style=\"box-sizing: border-box; overflow-wrap: break-word;\" \/>Per maggiori informazioni:<\/p>\n<p style=\"box-sizing: border-box; overflow-wrap: break-word; margin: 0px 0px 8.5px; line-height: 1.5em; color: #484848; font-family: 'Titillium Web', Arial, sans-serif; font-size: 16px; font-style: normal; font-variant-ligatures: normal; font-variant-caps: normal; font-weight: 400; letter-spacing: normal; orphans: 2; text-align: left; text-indent: 0px; text-transform: none; white-space: normal; widows: 2; word-spacing: 0px; -webkit-text-stroke-width: 0px; background-color: #ffffff; text-decoration-thickness: initial; text-decoration-style: initial; text-decoration-color: initial;\"><a href=\"https:\/\/www.tirocinicrui.it\/programmi-bandi-definitivo\/maeci\/convenzionemaeci\/\"><strong style=\"box-sizing: border-box; overflow-wrap: break-word; font-weight: bold;\">Convenzione MAE CRUI<\/strong><\/a><\/p>\n<p style=\"box-sizing: border-box; overflow-wrap: break-word; margin: 0px 0px 8.5px; line-height: 1.5em; color: #484848; font-family: 'Titillium Web', Arial, sans-serif; font-size: 16px; font-style: normal; font-variant-ligatures: normal; font-variant-caps: normal; font-weight: 400; letter-spacing: normal; orphans: 2; text-align: left; text-indent: 0px; text-transform: none; white-space: normal; widows: 2; word-spacing: 0px; -webkit-text-stroke-width: 0px; background-color: #ffffff; text-decoration-thickness: initial; text-decoration-style: initial; text-decoration-color: initial;\">Sul sito internet della\u00a0<a style=\"box-sizing: border-box; overflow-wrap: break-word; background: 0px 0px; color: #38518a; text-decoration: none;\" href=\"https:\/\/www.crui.it\/\" target=\"_blank\" rel=\"noopener\">Conferenza dei Rettori delle Universit\u00e0 italiane\u00a0<\/a>\u00e8 possibile inoltre avere ulteriori informazioni sulle procedure ed i requisiti di partecipazione, oltre che l&#8217;elenco delle Universit\u00e0 che aderiscono all&#8217;iniziativa. Gli interessati dovranno\u00a0 rivolgersi agli uffici competenti delle rispettive Universit\u00e0, che raccoglieranno le candidature e potranno loro fornire ogni indicazione in merito. Informazioni possono essere richieste all&#8217;Istituto Diplomatico del Ministero degli Affari Esteri alla seguente e-mail:\u00a0<a style=\"box-sizing: border-box; overflow-wrap: break-word; background: 0px 0px; color: #38518a; text-decoration: none;\" href=\"mailto:programma.tirocini@esteri.it%20?subject=Tirocini%20MAE%20CRUI\">programma.tirocini@esteri.it<\/a><\/p>\n<p>&nbsp;<\/p>\n","protected":false},"excerpt":{"rendered":"Tirocini MAE\/CRUIA chi sono rivoltiAi giovani italiani particolarmente meritevoli in possesso del titolo di laurea breve o laurea specialistica o laurea del vecchio ordinamento (conseguita da non pi\u00f9 di 18 mesi) oppure i laureandi delle Universit\u00e0 italiane.Dove e quando si svolgonoViene offerta la possibilit\u00e0 di effettuare un periodo di tirocinio di tre mesi presso gli [&hellip;]","protected":false},"author":4,"featured_media":0,"parent":301,"menu_order":4,"comment_status":"closed","ping_status":"closed","template":"","meta":{"footnotes":""},"class_list":["post-498","page","type-page","status-publish","hentry"],"_links":{"self":[{"href":"https:\/\/iicsydney.esteri.it\/it\/wp-json\/wp\/v2\/pages\/498","targetHints":{"allow":["GET"]}}],"collection":[{"href":"https:\/\/iicsydney.esteri.it\/it\/wp-json\/wp\/v2\/pages"}],"about":[{"href":"https:\/\/iicsydney.esteri.it\/it\/wp-json\/wp\/v2\/types\/page"}],"author":[{"embeddable":true,"href":"https:\/\/iicsydney.esteri.it\/it\/wp-json\/wp\/v2\/users\/4"}],"replies":[{"embeddable":true,"href":"https:\/\/iicsydney.esteri.it\/it\/wp-json\/wp\/v2\/comments?post=498"}],"version-history":[{"count":0,"href":"https:\/\/iicsydney.esteri.it\/it\/wp-json\/wp\/v2\/pages\/498\/revisions"}],"up":[{"embeddable":true,"href":"https:\/\/iicsydney.esteri.it\/it\/wp-json\/wp\/v2\/pages\/301"}],"wp:attachment":[{"href":"https:\/\/iicsydney.esteri.it\/it\/wp-json\/wp\/v2\/media?parent=498"}],"curies":[{"name":"wp","href":"https:\/\/api.w.org\/{rel}","templated":true}]}}