{"id":64,"date":"2023-01-17T14:36:07","date_gmt":"2023-01-17T13:36:07","guid":{"rendered":"https:\/\/iicsydney.esteri.it\/?page_id=64"},"modified":"2026-01-22T10:50:51","modified_gmt":"2026-01-21T23:50:51","slug":"contatti","status":"publish","type":"page","link":"https:\/\/iicsydney.esteri.it\/it\/chi-siamo\/contatti\/","title":{"rendered":"Contatti"},"content":{"rendered":"<p>Istituto Italiano di Cultura, Sydney<br \/>\nLevel 4,\u00a0125 York Street<br \/>\nSydney NSW 2000 &#8211; Australia<br \/>\nPO Box Q1924<br \/>\nQVB NSW 1230 &#8211; Australia<\/p>\n<p>Tel: +61 2 9261 1780<\/p>\n<p>E-mail:\u00a0<a href=\"mailto:iicsydney@esteri.it\">iicsydney@esteri.it<\/a><\/p>\n<p><a href=\"mailto:direzione.iicsydney@esteri.it\">direzione.iicsydney@esteri.it<\/a><\/p>\n<p><a href=\"mailto:admin.iicsydney@esteri.it\">admin.iicsydney@esteri.it<\/a><\/p>\n<p>Indirizzo di posta elettronica:\u00a0<a href=\"mailto:iic.sydney.australia@cert.esteri.it\">iic.sydney.australia@cert.esteri.it<\/a><\/p>\n<p>Orario di apertura al pubblico:<\/p>\n<ul>\n<li>Dal luned\u00ec al gioved\u00ec dalle 9.30 alle 18.00<\/li>\n<li>Venerd\u00ec dalle 9.30 alle 13.30<\/li>\n<\/ul>\n<p>&nbsp;<\/p>\n<p><strong>N.B.:\u00a0L\u2019istituto riceve numerose proposte culturali. Le stesse verranno esaminate e qualora possano essere incluse nella nostra programmazione, sar\u00e0 nostra cura ricontattarvi per eventuali seguiti.<\/strong><\/p>\n<p><strong>FESTIVITA PUBBLICHE 2026<\/strong><\/p>\n<ul>\n<li>1 Gennaio: Capodanno<\/li>\n<li>26 Gennaio: Australia Day<\/li>\n<li>3 Aprile: Venerd\u00ec Santo<\/li>\n<li>6 Aprile: Luned\u00ec dell\u2019 Angelo<\/li>\n<li>25 Aprile: Anniversario della Liberazione\/Anzac day<\/li>\n<li>2 Giugno: Festa della Repubblica<\/li>\n<li>8 Giugno: Genetliaco del Sovrano<\/li>\n<li>3 Agosto: Bank Holiday<\/li>\n<li>4 Ottobre: San Francesco d\u2019Assisi<\/li>\n<li>26 Ottobre: Bank Holiday \u2013 Ultimo luned\u00ec di Ottobre<\/li>\n<li>25 Dicembre: Natale<\/li>\n<li>26 Dicembre: Santo Stefano<\/li>\n<\/ul>\n<p><strong>Come raggiungerci<\/strong><\/p>\n<p><a href=\"https:\/\/maps.google.com\/maps?ll=-33.871683,151.20618&amp;z=16&amp;t=m&amp;hl=it-IT&amp;gl=IT&amp;mapclient=embed&amp;q=4%2F125%20York%20St%20Sydney%20NSW%202000%20Australia\"><strong><img decoding=\"async\" class=\"alignnone size-medium wp-image-104 img-fluid\" src=\"https:\/\/iicsydney.esteri.it\/wp-content\/uploads\/2023\/01\/come-raggiungerci-sydney.png\" alt=\"come raggiungerci\" width=\"750\" srcset=\"https:\/\/iicsydney.esteri.it\/wp-content\/uploads\/2023\/01\/come-raggiungerci-sydney.png 891w, https:\/\/iicsydney.esteri.it\/wp-content\/uploads\/2023\/01\/come-raggiungerci-sydney-300x152.png 300w, https:\/\/iicsydney.esteri.it\/wp-content\/uploads\/2023\/01\/come-raggiungerci-sydney-768x388.png 768w\" sizes=\"(max-width: 891px) 100vw, 891px\" \/><\/strong><\/a><\/p>\n","protected":false},"excerpt":{"rendered":"Istituto Italiano di Cultura, Sydney Level 4,\u00a0125 York Street Sydney NSW 2000 &#8211; Australia PO Box Q1924 QVB NSW 1230 &#8211; Australia Tel: +61 2 9261 1780 E-mail:\u00a0iicsydney@esteri.it direzione.iicsydney@esteri.it admin.iicsydney@esteri.it Indirizzo di posta elettronica:\u00a0iic.sydney.australia@cert.esteri.it Orario di apertura al pubblico: Dal luned\u00ec al gioved\u00ec dalle 9.30 alle 18.00 Venerd\u00ec dalle 9.30 alle 13.30 &nbsp; N.B.:\u00a0L\u2019istituto riceve [&hellip;]","protected":false},"author":3,"featured_media":0,"parent":13,"menu_order":4,"comment_status":"closed","ping_status":"closed","template":"","meta":{"footnotes":""},"class_list":["post-64","page","type-page","status-publish","hentry"],"_links":{"self":[{"href":"https:\/\/iicsydney.esteri.it\/it\/wp-json\/wp\/v2\/pages\/64","targetHints":{"allow":["GET"]}}],"collection":[{"href":"https:\/\/iicsydney.esteri.it\/it\/wp-json\/wp\/v2\/pages"}],"about":[{"href":"https:\/\/iicsydney.esteri.it\/it\/wp-json\/wp\/v2\/types\/page"}],"author":[{"embeddable":true,"href":"https:\/\/iicsydney.esteri.it\/it\/wp-json\/wp\/v2\/users\/3"}],"replies":[{"embeddable":true,"href":"https:\/\/iicsydney.esteri.it\/it\/wp-json\/wp\/v2\/comments?post=64"}],"version-history":[{"count":6,"href":"https:\/\/iicsydney.esteri.it\/it\/wp-json\/wp\/v2\/pages\/64\/revisions"}],"predecessor-version":[{"id":8959,"href":"https:\/\/iicsydney.esteri.it\/it\/wp-json\/wp\/v2\/pages\/64\/revisions\/8959"}],"up":[{"embeddable":true,"href":"https:\/\/iicsydney.esteri.it\/it\/wp-json\/wp\/v2\/pages\/13"}],"wp:attachment":[{"href":"https:\/\/iicsydney.esteri.it\/it\/wp-json\/wp\/v2\/media?parent=64"}],"curies":[{"name":"wp","href":"https:\/\/api.w.org\/{rel}","templated":true}]}}