{"id":7640,"date":"2025-10-29T15:10:14","date_gmt":"2025-10-29T04:10:14","guid":{"rendered":"https:\/\/iicsydney.esteri.it\/?page_id=7640"},"modified":"2025-10-30T11:30:35","modified_gmt":"2025-10-30T00:30:35","slug":"prova-italiano","status":"publish","type":"page","link":"https:\/\/iicsydney.esteri.it\/it\/chi-siamo\/la-sede\/prova-italiano\/","title":{"rendered":"Concessioni ad uso temporaneo degli spazi"},"content":{"rendered":"<p style=\"text-align: justify;\">L\u2019Istituto Italiano di Cultura di Sydney offre, a pagamento (ved. dir. P.C.M. 20 dicembre 1999 e D.P.R. n. 54\/2010), l\u2019uso temporaneo dei propri locali per l\u2019organizzazione di congressi, seminari, attivit\u00e0 culturali e scientifiche, nonch\u00e9 per eventi e celebrazioni sociali. I seguenti spazi possono essere affittati, soggetti a disponibilit\u00e0 e durante l\u2019orario di apertura:<\/p>\n<ul style=\"text-align: justify;\">\n<li>4 aule\/sale riunioni, dotate di sistema Wi-Fi, lavagna, televisori LED, PC e laptop, tavoli e sedie. Possono essere utilizzate per attivit\u00e0 seminariali; capacit\u00e0 massima fino a 15 persone sedute;<\/li>\n<li>Sala Conferenze, dotata di sistema Wi-Fi, lettore CD\/DVD, proiettore e impianto di amplificazione, con capacit\u00e0 massima di 70 persone sedute. Nella sala \u00e8 inoltre presente un pianoforte a coda Kawai KG 3N; \u00e8 possibile affittare l\u2019uso dello strumento per concerti, con musicisti di comprovata esperienza.<\/li>\n<\/ul>\n<p style=\"text-align: justify;\">Se siete interessati a noleggiare uno degli spazi sopra indicati, vi preghiamo di contattarci ai seguenti indirizzi email: <a href=\"mailto:admin.iicsydney@esteri.it\">admin.iicsydney@esteri.it<\/a> o <a href=\"mailto:iicsydney@esteri.it\">iicsydney@esteri.it<\/a>.<\/p>\n<p style=\"text-align: justify;\">La tariffa di noleggio richiesta viene calcolata su base giornaliera, per ciascun evento organizzato. Si prega di concordare gli orari con l\u2019ufficio amministrativo (vedi indirizzi email sopra).<\/p>\n<p style=\"text-align: justify;\">Un listino dettagliato \u00e8 disponibile di seguito.<\/p>\n<table>\n<tbody>\n<tr>\n<td width=\"194\">\n<p style=\"text-align: center;\">Spazio<\/p>\n<\/td>\n<td width=\"177\">\n<p style=\"text-align: center;\">Tariffe Non-Profit\/Government<\/p>\n<\/td>\n<td width=\"195\">\n<p style=\"text-align: center;\">Tariffa Ditte Private<\/p>\n<\/td>\n<\/tr>\n<tr>\n<td width=\"194\">Aule corsi (max 15 persone) comprensive di sedie, schermo TV\/monitor<\/td>\n<td width=\"177\">Tariffa oraria $60<\/p>\n<p>$200 per 4 ore<\/p>\n<p>$300 per 8 ore<\/td>\n<td width=\"195\">Tariffa oraria $120<\/p>\n<p>$400 per 4 ore<\/p>\n<p>$600 per 8 ore<\/td>\n<\/tr>\n<tr>\n<td width=\"194\">Sala Conferenze (max 70 persone) comprensiva di schermo cinema 100\u201d, sedie, leggio<\/td>\n<td width=\"177\">Tariffa oraria $100<\/p>\n<p>$340 per 4 ore<\/p>\n<p>$450 per 8 ore<\/td>\n<td width=\"195\">Tariffa oraria $200<\/p>\n<p>$680 per 4 ore<\/p>\n<p>$900 per 8 ore<\/td>\n<\/tr>\n<tr>\n<td width=\"194\">Utilizzo impianto audiovisivo (proiettore, microfoni)<\/td>\n<td width=\"177\">$40 al giorno<\/td>\n<td width=\"195\">$80 al giorno<\/td>\n<\/tr>\n<tr>\n<td width=\"194\">Messa a disposizione \u00a0pianoforte<\/td>\n<td width=\"177\">$80 al giorno<\/td>\n<td width=\"195\">$150 al giorno<\/td>\n<\/tr>\n<tr>\n<td width=\"194\">Accordatura pianoforte <em>(servizio esterno da prenotare con anticipo)<\/em><\/td>\n<td width=\"177\">$280<\/td>\n<td width=\"195\">$280<\/td>\n<\/tr>\n<tr>\n<td width=\"194\">Utilizzo bicchieri e cucina<\/td>\n<td width=\"177\">$40 al giorno<\/td>\n<td width=\"195\">$80 al giorno<\/td>\n<\/tr>\n<tr>\n<td width=\"194\">Mescita alcolici (Waiter with RSA) <em>(servizio esterno da prenotare con anticipo)<\/em><\/td>\n<td width=\"177\">$280 per 4 ore<\/td>\n<td width=\"195\">$280 per 4 ore<\/td>\n<\/tr>\n<\/tbody>\n<\/table>\n<p>Per maggiori informazioni: <a href=\"https:\/\/iicsydney.esteri.it\/wp-content\/uploads\/2025\/10\/IIC-AFFITTO-SALE-1.pdf\">IIC AFFITTO SALE<\/a><\/p>\n","protected":false},"excerpt":{"rendered":"L\u2019Istituto Italiano di Cultura di Sydney offre, a pagamento (ved. dir. P.C.M. 20 dicembre 1999 e D.P.R. n. 54\/2010), l\u2019uso temporaneo dei propri locali per l\u2019organizzazione di congressi, seminari, attivit\u00e0 culturali e scientifiche, nonch\u00e9 per eventi e celebrazioni sociali. I seguenti spazi possono essere affittati, soggetti a disponibilit\u00e0 e durante l\u2019orario di apertura: 4 aule\/sale [&hellip;]","protected":false},"author":6,"featured_media":0,"parent":63,"menu_order":4,"comment_status":"closed","ping_status":"closed","template":"","meta":{"footnotes":""},"class_list":["post-7640","page","type-page","status-publish","hentry"],"_links":{"self":[{"href":"https:\/\/iicsydney.esteri.it\/it\/wp-json\/wp\/v2\/pages\/7640","targetHints":{"allow":["GET"]}}],"collection":[{"href":"https:\/\/iicsydney.esteri.it\/it\/wp-json\/wp\/v2\/pages"}],"about":[{"href":"https:\/\/iicsydney.esteri.it\/it\/wp-json\/wp\/v2\/types\/page"}],"author":[{"embeddable":true,"href":"https:\/\/iicsydney.esteri.it\/it\/wp-json\/wp\/v2\/users\/6"}],"replies":[{"embeddable":true,"href":"https:\/\/iicsydney.esteri.it\/it\/wp-json\/wp\/v2\/comments?post=7640"}],"version-history":[{"count":6,"href":"https:\/\/iicsydney.esteri.it\/it\/wp-json\/wp\/v2\/pages\/7640\/revisions"}],"predecessor-version":[{"id":7712,"href":"https:\/\/iicsydney.esteri.it\/it\/wp-json\/wp\/v2\/pages\/7640\/revisions\/7712"}],"up":[{"embeddable":true,"href":"https:\/\/iicsydney.esteri.it\/it\/wp-json\/wp\/v2\/pages\/63"}],"wp:attachment":[{"href":"https:\/\/iicsydney.esteri.it\/it\/wp-json\/wp\/v2\/media?parent=7640"}],"curies":[{"name":"wp","href":"https:\/\/api.w.org\/{rel}","templated":true}]}}